{"id":407,"date":"2024-09-24T15:31:42","date_gmt":"2024-09-24T13:31:42","guid":{"rendered":"https:\/\/gps-energies.com\/?page_id=407"},"modified":"2024-09-25T08:57:28","modified_gmt":"2024-09-25T06:57:28","slug":"electricite","status":"publish","type":"page","link":"https:\/\/gps-energies.com\/index.php\/electricite\/","title":{"rendered":"ELECTRICITE"},"content":{"rendered":"\n<h2 class=\"wp-block-heading\"><strong>Bornes de Charge \u00c9lectriques : Acc\u00e9l\u00e9rez la transition vers la mobilit\u00e9 \u00e9lectrique avec GPS \u00c9nergies<\/strong><\/h2>\n\n\n\n<p>Chez <strong>GPS \u00c9nergies<\/strong>, nous accompagnons nos clients dans leur transition vers une mobilit\u00e9 plus verte, en proposant des solutions compl\u00e8tes d\u2019installation et de maintenance de <strong>bornes de recharge pour v\u00e9hicules \u00e9lectriques<\/strong>. Que vous soyez une entreprise dot\u00e9e d\u2019une flotte de v\u00e9hicules \u00e9lectriques ou un acteur de la grande distribution souhaitant proposer des bornes de charge \u00e0 vos clients, nous vous offrons des services personnalis\u00e9s et adapt\u00e9s \u00e0 vos besoins.<\/p>\n\n\n\n<h3 class=\"wp-block-heading\"><strong>Pourquoi choisir des bornes de recharge ?<\/strong><\/h3>\n\n\n\n<p>La <strong>mobilit\u00e9 \u00e9lectrique<\/strong> est en plein essor, et les infrastructures de recharge sont essentielles pour encourager l\u2019adoption de v\u00e9hicules \u00e9lectriques. Installer des bornes de recharge dans votre entreprise ou votre station-service pr\u00e9sente plusieurs avantages :<\/p>\n\n\n\n<ul class=\"wp-block-list\">\n<li><strong>R\u00e9duire votre empreinte carbone<\/strong> en facilitant l&rsquo;utilisation des v\u00e9hicules \u00e9lectriques.<\/li>\n\n\n\n<li><strong>R\u00e9pondre aux attentes croissantes<\/strong> de vos clients et collaborateurs en mati\u00e8re de solutions de mobilit\u00e9 durable.<\/li>\n\n\n\n<li><strong>Optimiser la gestion<\/strong> de votre flotte de v\u00e9hicules \u00e9lectriques en disposant d\u2019une infrastructure de recharge d\u00e9di\u00e9e et performante.<\/li>\n<\/ul>\n\n\n\n<h3 class=\"wp-block-heading\"><strong>Nos services pour les bornes de charge \u00e9lectriques<\/strong><\/h3>\n\n\n\n<p>Chez <strong>GPS \u00c9nergies<\/strong>, nous assurons un accompagnement global, depuis l\u2019\u00e9tude du projet jusqu\u2019\u00e0 la maintenance continue des bornes de recharge. Nos services incluent :<\/p>\n\n\n\n<ul class=\"wp-block-list\">\n<li><strong>Installation de bornes de recharge<\/strong> :\n<ul class=\"wp-block-list\">\n<li>Solutions de recharge <strong>AC (courant alternatif)<\/strong> et <strong>DC (courant continu)<\/strong> pour r\u00e9pondre \u00e0 diff\u00e9rents besoins de puissance et de vitesse de charge.<\/li>\n\n\n\n<li>Bornes adapt\u00e9es aux v\u00e9hicules l\u00e9gers, poids lourds et flottes privatives.<\/li>\n\n\n\n<li>Configuration pour station-service publique ou priv\u00e9e, entreprises et collectivit\u00e9s.<\/li>\n<\/ul>\n<\/li>\n\n\n\n<li><strong>Mise en conformit\u00e9 et gestion des infrastructures<\/strong> :\n<ul class=\"wp-block-list\">\n<li>\u00c9tude de faisabilit\u00e9 et conformit\u00e9 avec les r\u00e9glementations en vigueur.<\/li>\n\n\n\n<li>Int\u00e9gration des bornes dans des installations existantes ou cr\u00e9ation d&rsquo;infrastructures d\u00e9di\u00e9es.<\/li>\n<\/ul>\n<\/li>\n\n\n\n<li><strong>Solutions de gestion et mon\u00e9tique<\/strong> :\n<ul class=\"wp-block-list\">\n<li>Syst\u00e8mes de gestion intelligents pour suivre en temps r\u00e9el la consommation d\u2019\u00e9nergie, optimiser l\u2019utilisation des bornes et g\u00e9rer les acc\u00e8s.<\/li>\n\n\n\n<li>Solutions de paiement int\u00e9gr\u00e9es pour les bornes publiques, avec gestion des transactions en toute s\u00e9curit\u00e9.<\/li>\n<\/ul>\n<\/li>\n\n\n\n<li><strong>Maintenance pr\u00e9ventive et corrective<\/strong> :\n<ul class=\"wp-block-list\">\n<li>Suivi r\u00e9gulier des bornes pour garantir une disponibilit\u00e9 maximale et \u00e9viter les pannes.<\/li>\n\n\n\n<li>Intervention rapide en cas de probl\u00e8me technique pour minimiser les temps d&rsquo;arr\u00eat.<\/li>\n<\/ul>\n<\/li>\n<\/ul>\n\n\n\n<h3 class=\"wp-block-heading\"><strong>Une expertise adapt\u00e9e \u00e0 chaque projet<\/strong><\/h3>\n\n\n\n<p>En tant qu&rsquo;experts de l&rsquo;installation et de la maintenance d&rsquo;infrastructures \u00e9nerg\u00e9tiques, nous vous assurons une <strong>qualit\u00e9 de service irr\u00e9prochable<\/strong>, avec des solutions sur-mesure pour vos besoins en <strong>bornes de recharge \u00e9lectriques<\/strong>. Notre exp\u00e9rience dans la gestion de r\u00e9seaux \u00e9nerg\u00e9tiques complexes nous permet de proposer des infrastructures fiables, efficaces, et conformes aux exigences techniques et environnementales.<\/p>\n\n\n\n<h3 class=\"wp-block-heading\"><strong>Bornes de recharge et transition \u00e9nerg\u00e9tique<\/strong><\/h3>\n\n\n\n<p>Dans un contexte de <strong>transition \u00e9nerg\u00e9tique<\/strong>, les bornes de recharge \u00e9lectriques jouent un r\u00f4le crucial pour la d\u00e9carbonation du secteur des transports. En installant des bornes de recharge, vous participez activement \u00e0 la r\u00e9duction des \u00e9missions de CO2 et contribuez \u00e0 l\u2019objectif national de neutralit\u00e9 carbone d&rsquo;ici 2050.<\/p>\n\n\n\n<h3 class=\"wp-block-heading\"><strong>GPS \u00c9nergies, votre partenaire pour la mobilit\u00e9 \u00e9lectrique<\/strong><\/h3>\n\n\n\n<p>Que vous soyez une entreprise avec une flotte de v\u00e9hicules \u00e9lectriques ou une station-service publique cherchant \u00e0 \u00e9largir vos services, <strong>GPS \u00c9nergies<\/strong> est votre partenaire de confiance pour r\u00e9ussir cette transition vers la <strong>mobilit\u00e9 \u00e9lectrique<\/strong>.<\/p>\n\n\n\n<div class=\"wp-block-buttons is-content-justification-center is-layout-flex wp-container-core-buttons-is-layout-16018d1d wp-block-buttons-is-layout-flex\">\n<div class=\"wp-block-button has-custom-font-size has-small-font-size\"><a class=\"wp-block-button__link wp-element-button\" href=\"https:\/\/gps-energies.com\/index.php\/contact\/\"><strong>Nous contacter<\/strong><\/a><\/div>\n<\/div>\n","protected":false},"excerpt":{"rendered":"<p>Bornes de Charge \u00c9lectriques : Acc\u00e9l\u00e9rez la transition vers la mobilit\u00e9 \u00e9lectrique avec GPS \u00c9nergies Chez GPS \u00c9nergies, nous accompagnons nos clients dans leur transition vers une mobilit\u00e9 plus verte, en proposant des solutions compl\u00e8tes d\u2019installation et de maintenance de bornes de recharge pour v\u00e9hicules \u00e9lectriques. Que vous soyez une entreprise dot\u00e9e d\u2019une flotte de&hellip; <br \/> <a class=\"read-more\" href=\"https:\/\/gps-energies.com\/index.php\/electricite\/\">Lire la suite<\/a><\/p>\n","protected":false},"author":1,"featured_media":0,"parent":0,"menu_order":0,"comment_status":"closed","ping_status":"closed","template":"","meta":{"footnotes":""},"class_list":["post-407","page","type-page","status-publish","hentry"],"_links":{"self":[{"href":"https:\/\/gps-energies.com\/index.php\/wp-json\/wp\/v2\/pages\/407","targetHints":{"allow":["GET"]}}],"collection":[{"href":"https:\/\/gps-energies.com\/index.php\/wp-json\/wp\/v2\/pages"}],"about":[{"href":"https:\/\/gps-energies.com\/index.php\/wp-json\/wp\/v2\/types\/page"}],"author":[{"embeddable":true,"href":"https:\/\/gps-energies.com\/index.php\/wp-json\/wp\/v2\/users\/1"}],"replies":[{"embeddable":true,"href":"https:\/\/gps-energies.com\/index.php\/wp-json\/wp\/v2\/comments?post=407"}],"version-history":[{"count":3,"href":"https:\/\/gps-energies.com\/index.php\/wp-json\/wp\/v2\/pages\/407\/revisions"}],"predecessor-version":[{"id":438,"href":"https:\/\/gps-energies.com\/index.php\/wp-json\/wp\/v2\/pages\/407\/revisions\/438"}],"wp:attachment":[{"href":"https:\/\/gps-energies.com\/index.php\/wp-json\/wp\/v2\/media?parent=407"}],"curies":[{"name":"wp","href":"https:\/\/api.w.org\/{rel}","templated":true}]}}